{"id":7143,"date":"2025-08-21T17:51:26","date_gmt":"2025-08-21T15:51:26","guid":{"rendered":"https:\/\/sixtyfour.lu\/?page_id=7143"},"modified":"2026-01-08T13:49:12","modified_gmt":"2026-01-08T12:49:12","slug":"evenements","status":"publish","type":"page","link":"https:\/\/sixtyfour.lu\/en\/evenements\/","title":{"rendered":"Events"},"content":{"rendered":"<div data-elementor-type=\"wp-page\" data-elementor-id=\"7143\" class=\"elementor elementor-7143\">\n\t\t\t\t\t\t<section class=\"elementor-section elementor-top-section elementor-element elementor-element-54a8a9d3 pt-animation-medium-offset elementor-section-height-full elementor-section-boxed elementor-section-height-default elementor-section-items-middle elementor-invisible\" data-id=\"54a8a9d3\" data-element_type=\"section\" data-e-type=\"section\" id=\"events\" data-settings=\"{&quot;background_background&quot;:&quot;classic&quot;,&quot;animation&quot;:&quot;fadeInUp&quot;,&quot;animation_delay&quot;:500}\">\n\t\t\t\t\t\t<div class=\"elementor-container elementor-column-gap-no\">\n\t\t\t\t\t<div class=\"elementor-column elementor-col-100 elementor-top-column elementor-element elementor-element-451d2c6b dark-color\" data-id=\"451d2c6b\" data-element_type=\"column\" data-e-type=\"column\">\n\t\t\t<div class=\"elementor-widget-wrap elementor-element-populated\">\n\t\t\t\t\t\t<div class=\"elementor-element elementor-element-1737fb1b elementor-widget elementor-widget-pt_title\" data-id=\"1737fb1b\" data-element_type=\"widget\" data-e-type=\"widget\" data-widget_type=\"pt_title.default\">\n\t\t\t\t<div class=\"elementor-widget-container\">\n\t\t\t\t\t\n        <div class=\"pt-title-wrap text-center\">\t            <h2 class=\"pt-title\">\n\t                Events &amp; Shows\t            <\/h2>\t            <div class=\"pt-title-text\">\n\t                <p>At Sixtyfour\u00b0, every moment is an experience.\nWe host friendly afterwork gatherings, artist meet-and-greets, fashion shows, and many other events that blend elegance with entertainment.\nCome and share unique moments in a refined and always surprising atmosphere.<\/p>\t            <\/div>        <\/div>\t\t\t\t<\/div>\n\t\t\t\t<\/div>\n\t\t\t\t<div class=\"elementor-element elementor-element-cb6d8ce elementor-widget elementor-widget-pt_gallery\" data-id=\"cb6d8ce\" data-element_type=\"widget\" data-e-type=\"widget\" data-widget_type=\"pt_gallery.default\">\n\t\t\t\t<div class=\"elementor-widget-container\">\n\t\t\t\t\t\n            <div class=\"pt-gallery gap-32 gallery-carousel align-middle-v\" data-column=\"4\" data-fade=\"\" data-autoplay=\"on\" data-autoplay-speed=\"5000\" data-show-arrows=\"on\" data-show-dots=\"on\">\n                <div class=\"pt-gallery-wrap\">                    <div class=\"pt-gallery-item\"><img decoding=\"async\" src=\"https:\/\/sixtyfour.lu\/wp-content\/uploads\/elementor\/thumbs\/R5A9426-scaled-ra95e0hpjfz3ktkwofb636699zyog7u8jt5euhcw68.jpg\" title=\"_R5A9426\" alt=\"_R5A9426\" loading=\"lazy\" \/>                    <\/div>                    <div class=\"pt-gallery-item\"><img decoding=\"async\" src=\"https:\/\/sixtyfour.lu\/wp-content\/uploads\/elementor\/thumbs\/R5A9440-scaled-ra958udny8wbq138v6v1dh4znpg045bdu7z9tp0ue8.jpg\" title=\"_R5A9440\" alt=\"_R5A9440\" loading=\"lazy\" \/>                    <\/div>                    <div class=\"pt-gallery-item\"><img decoding=\"async\" src=\"https:\/\/sixtyfour.lu\/wp-content\/uploads\/elementor\/thumbs\/R5A5296-scaled-rahlkm51tiite77yuvsbgtppdhucp6yus95be0sixs.jpg\" title=\"_R5A5296\" alt=\"_R5A5296\" loading=\"lazy\" \/>                    <\/div>                    <div class=\"pt-gallery-item\"><img decoding=\"async\" src=\"https:\/\/sixtyfour.lu\/wp-content\/uploads\/elementor\/thumbs\/R5A9410-scaled-ra95abygrsxo3sxf6c0rtlm9io3xaw831l5y6gtejk.jpg\" title=\"_R5A9410\" alt=\"_R5A9410\" loading=\"lazy\" \/>                    <\/div>                    <div class=\"pt-gallery-item\"><img decoding=\"async\" src=\"https:\/\/sixtyfour.lu\/wp-content\/uploads\/elementor\/thumbs\/R5A9418-scaled-ra9598h8srfmk6irkuyfwvkwkhiiblvcw5rk0ufxsw.jpg\" title=\"_R5A9418\" alt=\"_R5A9418\" loading=\"lazy\" \/>                    <\/div>                    <div class=\"pt-gallery-item\"><img decoding=\"async\" src=\"https:\/\/sixtyfour.lu\/wp-content\/uploads\/elementor\/thumbs\/R5A9438-scaled-ra957zczoppv2wcawbgcl6ys1zow24w8pyg8zkau3k.jpg\" title=\"_R5A9438\" alt=\"_R5A9438\" loading=\"lazy\" \/>                    <\/div>                    <div class=\"pt-gallery-item\"><img decoding=\"async\" src=\"https:\/\/sixtyfour.lu\/wp-content\/uploads\/elementor\/thumbs\/R5A5245-scaled-rahlkwh9wowyxwsy6i97q93rwqfe1v3whobno2d71c.jpg\" title=\"_R5A5245\" alt=\"_R5A5245\" loading=\"lazy\" \/>                    <\/div>                <\/div>\n            <\/div>\t\t\t\t<\/div>\n\t\t\t\t<\/div>\n\t\t\t\t\t<\/div>\n\t\t<\/div>\n\t\t\t\t\t<\/div>\n\t\t<\/section>\n\t\t<div class=\"elementor-element elementor-element-d31b6d6 e-flex e-con-boxed e-con e-parent\" data-id=\"d31b6d6\" data-element_type=\"container\" data-e-type=\"container\" data-settings=\"{&quot;background_background&quot;:&quot;classic&quot;}\">\n\t\t\t\t\t<div class=\"e-con-inner\">\n\t\t\t\t<div class=\"elementor-element elementor-element-23d6dc6 elementor-widget elementor-widget-pt_form_cf7\" data-id=\"23d6dc6\" data-element_type=\"widget\" data-e-type=\"widget\" data-widget_type=\"pt_form_cf7.default\">\n\t\t\t\t<div class=\"elementor-widget-container\">\n\t\t\t\t\t            <div class=\"pt-form-cf7 placeholder-normal\">\n                <div class=\"pt-form-cf7-wrap\">\n<div class=\"wpcf7 no-js\" id=\"wpcf7-f50-o1\" lang=\"en-US\" dir=\"ltr\" data-wpcf7-id=\"50\">\n<div class=\"screen-reader-response\"><p role=\"status\" aria-live=\"polite\" aria-atomic=\"true\"><\/p> <ul><\/ul><\/div>\n<form action=\"\/en\/wp-json\/wp\/v2\/pages\/7143#wpcf7-f50-o1\" method=\"post\" class=\"wpcf7-form init\" aria-label=\"Contact form\" novalidate=\"novalidate\" data-status=\"init\" data-trp-original-action=\"\/en\/wp-json\/wp\/v2\/pages\/7143#wpcf7-f50-o1\">\n<fieldset class=\"hidden-fields-container\"><input type=\"hidden\" name=\"_wpcf7\" value=\"50\" \/><input type=\"hidden\" name=\"_wpcf7_version\" value=\"6.1.5\" \/><input type=\"hidden\" name=\"_wpcf7_locale\" value=\"en_US\" \/><input type=\"hidden\" name=\"_wpcf7_unit_tag\" value=\"wpcf7-f50-o1\" \/><input type=\"hidden\" name=\"_wpcf7_container_post\" value=\"0\" \/><input type=\"hidden\" name=\"_wpcf7_posted_data_hash\" value=\"\" \/>\n<\/fieldset>\n<p><label> Nom<br \/>\n<span class=\"wpcf7-form-control-wrap\" data-name=\"your-name\"><input size=\"40\" maxlength=\"400\" class=\"wpcf7-form-control wpcf7-text wpcf7-validates-as-required\" aria-required=\"true\" aria-invalid=\"false\" value=\"\" type=\"text\" name=\"your-name\" \/><\/span> <\/label>\n<\/p>\n<p><label> E-mail<br \/>\n<span class=\"wpcf7-form-control-wrap\" data-name=\"your-email\"><input size=\"40\" maxlength=\"400\" class=\"wpcf7-form-control wpcf7-email wpcf7-validates-as-required wpcf7-text wpcf7-validates-as-email\" aria-required=\"true\" aria-invalid=\"false\" value=\"\" type=\"email\" name=\"your-email\" \/><\/span> <\/label>\n<\/p>\n<p><label> Sujet<br \/>\n<span class=\"wpcf7-form-control-wrap\" data-name=\"your-subject\"><input size=\"40\" maxlength=\"400\" class=\"wpcf7-form-control wpcf7-text wpcf7-validates-as-required\" aria-required=\"true\" aria-invalid=\"false\" value=\"\" type=\"text\" name=\"your-subject\" \/><\/span> <\/label>\n<\/p>\n<p><label> Message<br \/>\n<span class=\"wpcf7-form-control-wrap\" data-name=\"your-message\"><textarea cols=\"40\" rows=\"10\" maxlength=\"2000\" class=\"wpcf7-form-control wpcf7-textarea wpcf7-validates-as-required\" aria-required=\"true\" aria-invalid=\"false\" name=\"your-message\"><\/textarea><\/span> <\/label>\n<\/p>\n<p><input class=\"wpcf7-form-control wpcf7-submit has-spinner\" type=\"submit\" value=\"Submit\" \/>\n<\/p><div class=\"wpcf7-response-output\" aria-hidden=\"true\"><\/div>\n<input type=\"hidden\" name=\"trp-form-language\" value=\"en\"\/><\/form>\n<\/div>\n<\/div>\n            <\/div>\t\t\t\t<\/div>\n\t\t\t\t<\/div>\n\t\t\t\t\t<\/div>\n\t\t\t\t<\/div>\n\t\t\t\t<\/div>","protected":false},"excerpt":{"rendered":"<p>\u00c9v\u00e9nements &amp; Shows\u200b Au Sixtyfour\u00b0, chaque moment est une exp\u00e9rience. Nous organisons des afterworks conviviaux, des rencontres avec des artistes, des d\u00e9fil\u00e9s de mode et bien d\u2019autres \u00e9v\u00e9nements qui allient \u00e9l\u00e9gance et divertissement. Venez partager des instants uniques, dans une ambiance raffin\u00e9e et toujours surprenante. Nom E-mail Sujet Message<\/p>","protected":false},"author":1,"featured_media":0,"parent":0,"menu_order":0,"comment_status":"closed","ping_status":"closed","template":"template-wide-content.php","meta":{"_themeisle_gutenberg_block_has_review":false,"patiotime_single_page_hide_site_header":"","patiotime_single_page_site_header_source":"","patiotime_single_page_custom_site_header":"0","patiotime_single_page_custom_sticky_site_header":"0","patiotime_single_page_custom_page_title_margin_top_source":"","patiotime_single_page_custom_page_title_desktop_margin_top":"","patiotime_single_page_custom_page_title_tablet_margin_top":"","patiotime_single_page_custom_page_title_mobile_margin_top":"","patiotime_single_page_hide_page_title":"","patiotime_single_page_header_section_size":"","patiotime_single_page_header_background_color":"","patiotime_single_page_header_background_position_x":"center","patiotime_single_page_header_background_position_y":"center","patiotime_single_page_header_background_size":"cover","patiotime_single_page_header_background_repeat":"off","patiotime_single_page_header_background_scroll":"on","patiotime_single_page_header_text_color":"","patiotime_single_page_header_show_breadcrumb":"","patiotime_single_page_site_footer_hide_main":"","patiotime_single_custom_site_footer_main_source":"","patiotime_single_custom_site_footer_main":"0","patiotime_single_page_site_footer_hide_above":"","patiotime_single_custom_site_footer_above_source":"","patiotime_single_custom_site_footer_above":"0","patiotime_single_page_site_footer_hide_instagram":"","patiotime_single_page_site_footer_hide_bottom":"","patiotime_single_custom_mobile_menu_source":"","patiotime_single_custom_mobile_menu":"0","patiotime_single_custom_mobile_menu_animation":"","patiotime_single_custom_mobile_menu_width":"","patiotime_single_custom_mobile_menu_custom_width":375,"footnotes":""},"class_list":["post-7143","page","type-page","status-publish","hentry"],"_links":{"self":[{"href":"https:\/\/sixtyfour.lu\/en\/wp-json\/wp\/v2\/pages\/7143","targetHints":{"allow":["GET"]}}],"collection":[{"href":"https:\/\/sixtyfour.lu\/en\/wp-json\/wp\/v2\/pages"}],"about":[{"href":"https:\/\/sixtyfour.lu\/en\/wp-json\/wp\/v2\/types\/page"}],"author":[{"embeddable":true,"href":"https:\/\/sixtyfour.lu\/en\/wp-json\/wp\/v2\/users\/1"}],"replies":[{"embeddable":true,"href":"https:\/\/sixtyfour.lu\/en\/wp-json\/wp\/v2\/comments?post=7143"}],"version-history":[{"count":49,"href":"https:\/\/sixtyfour.lu\/en\/wp-json\/wp\/v2\/pages\/7143\/revisions"}],"predecessor-version":[{"id":7367,"href":"https:\/\/sixtyfour.lu\/en\/wp-json\/wp\/v2\/pages\/7143\/revisions\/7367"}],"wp:attachment":[{"href":"https:\/\/sixtyfour.lu\/en\/wp-json\/wp\/v2\/media?parent=7143"}],"curies":[{"name":"wp","href":"https:\/\/api.w.org\/{rel}","templated":true}]}}