{"id":6979,"date":"2025-08-20T13:49:17","date_gmt":"2025-08-20T11:49:17","guid":{"rendered":"https:\/\/sixtyfour.lu\/?page_id=6979"},"modified":"2025-08-21T17:48:10","modified_gmt":"2025-08-21T15:48:10","slug":"conditions-generales-de-vente","status":"publish","type":"page","link":"https:\/\/sixtyfour.lu\/en\/conditions-generales-de-vente\/","title":{"rendered":"Terms and conditions of sale"},"content":{"rendered":"<div data-elementor-type=\"wp-page\" data-elementor-id=\"6979\" class=\"elementor elementor-6979\">\n\t\t\t\t<div class=\"elementor-element elementor-element-8674c6d e-flex e-con-boxed e-con e-parent\" data-id=\"8674c6d\" data-element_type=\"container\" data-e-type=\"container\">\n\t\t\t\t\t<div class=\"e-con-inner\">\n\t\t\t\t<div class=\"elementor-element elementor-element-a3f6709 elementor-widget elementor-widget-text-editor\" data-id=\"a3f6709\" data-element_type=\"widget\" data-e-type=\"widget\" data-widget_type=\"text-editor.default\">\n\t\t\t\t\t\t\t\t\t<h3>Definitions<\/h3><p>The following terms shall have the following meanings:<\/p><ul><li><strong>Gift voucher<\/strong> : refers to a document containing the bar\u2019s offer, the amount, the name of the purchaser, the recipient, and the validity period, allowing the holder to enjoy a service at the SixtyFour\u00b0 bar.<\/li><li><strong>Reference code<\/strong> : unique identifier associated with the gift voucher, to be provided when making a reservation at the bar.<\/li><li><strong>Beneficiary<\/strong> (for the attention of): the person who benefits from the gift voucher offer, as indicated on the voucher.<\/li><li><strong>Customer<\/strong> : the person who purchases a gift voucher, an event offer, or a physical product, for their own use or for a third party (beneficiary).<\/li><li><strong>Bar<\/strong> : SixtyFour\u00b0 establishment (ANAMA SLE Sarl) \u2013 Registration Number: 20152461632, VAT Number: LU29442109, Trade Register: B201691, Sofitel Luxembourg Europe, Luxembourg.<\/li><li><strong>Event offer<\/strong> : reservation of a specific offer for events such as Valentine\u2019s Day, National Day, etc.<\/li><li><strong>Products<\/strong> : items available for purchase on our website and to be collected at the bar (e.g., bottles of olive oil).<\/li><\/ul><h3>Gift voucher<\/h3><p><strong>Ordering and validation process<\/strong><\/p><ul><li>The order of a gift voucher is made directly online through our website.<\/li><li>A summary will be sent by email after the order is confirmed, including the gift voucher in PDF format.<\/li><li>The order will be confirmed after the purchaser\u2019s final acceptance.<\/li><\/ul><p><strong>Use<\/strong><\/p><ul><li>Gift vouchers are valid for a period of one year from the date of purchase.<\/li><li>The voucher must be printed to be presented at the time of booking or upon arrival at the bar.<\/li><li>At the time of booking, the gift voucher reference code must be provided.<\/li><li>The gift voucher amount must be used in a single transaction. No refund will be given if the consumption is less than the voucher\u2019s value.<\/li><\/ul><p><strong>Right of withdrawal<\/strong><\/p><ul><li>In accordance with the provisions of the Consumer Code, the customer has a period of 14 days to exercise their right of withdrawal.<\/li><li>A full refund is possible if the gift voucher has not been used prior to the cancellation.<\/li><\/ul><p><strong>Liability<\/strong><\/p><ul><li>Anama SLE S\u00e0rl cannot be held liable in the event of loss, theft, or fraudulent use of a gift voucher.<\/li><\/ul><h3>Physical products<\/h3><p><strong>Ordering and validation process<\/strong><\/p><ul><li>Physical products purchased on our website must be picked up directly at our establishment (SixtyFour\u00b0, Sofitel Luxembourg Europe).<\/li><li>No shipping or home delivery is provided.<\/li><li>Products will be available for pickup at the establishment within 48 hours after the order is confirmed.<\/li><\/ul><p><strong>Right of withdrawal<\/strong><\/p><ul><li>The 14-day right of withdrawal applies, provided that the products have not been picked up.<\/li><li>Products must be returned in their new and unused condition.<\/li><li>Return shipping costs are the responsibility of the customer.<\/li><\/ul><h3>Event offers<\/h3><p><strong>Booking and confirmation<\/strong><\/p><ul><li>The booking of an event offer is confirmed after payment.<\/li><li>When booking, please specify your request with the number of people and the arrival time.<\/li><\/ul><p><strong>Cancellation<\/strong><\/p><ul><li>All cancellations must be made at least 48 hours before the event.<\/li><li>To cancel or modify your booking, please contact us at the following address <a>boutique@sixtyfour.lu<\/a>.<\/li><\/ul><h3>Cancellation by the service provider<\/h3><ul><li>In the event of partial or full cancellation of the service (strikes, viruses, disasters, force majeure), the service provider will refund the customer the full amount of the prepaid payment.<\/li><li>No other compensation can be claimed.<\/li><\/ul><h3>Prices and payment terms<\/h3><ul><li>The prices of gift vouchers, event offers, and physical products are stated in euros and include Luxembourg VAT.<\/li><li>Payment is made exclusively by credit card through the secure system on our website.<\/li><\/ul><h3>Modification of the general terms and conditions<\/h3><ul><li>These general terms and conditions may be modified at any time.<\/li><li>The new terms will apply as soon as they are published on the website.<\/li><\/ul><h3>Personal data protection<\/h3><ul><li>The personal information collected during the purchase will be processed in accordance with our privacy policy and Luxembourg data protection legislation.<\/li><\/ul>\t\t\t\t\t\t\t\t<\/div>\n\t\t\t\t\t<\/div>\n\t\t\t\t<\/div>\n\t\t\t\t<\/div>","protected":false},"excerpt":{"rendered":"<p>D\u00e9finitions Les termes suivants auront la signification ci-apr\u00e8s : Bon cadeau : d\u00e9signe un document contenant l\u2019offre du bar, le montant, le nom de l\u2019acheteur, du destinataire et la p\u00e9riode de validit\u00e9, permettant de b\u00e9n\u00e9ficier d\u2019une prestation au sein du bar SixtyFour\u00b0. Code de r\u00e9f\u00e9rence : identifiant unique associ\u00e9 au bon cadeau, \u00e0 indiquer lors &#8230;<\/p>","protected":false},"author":1,"featured_media":0,"parent":0,"menu_order":0,"comment_status":"closed","ping_status":"closed","template":"template-wide-content.php","meta":{"_themeisle_gutenberg_block_has_review":false,"patiotime_single_page_hide_site_header":"","patiotime_single_page_site_header_source":"","patiotime_single_page_custom_site_header":"0","patiotime_single_page_custom_sticky_site_header":"0","patiotime_single_page_custom_page_title_margin_top_source":"","patiotime_single_page_custom_page_title_desktop_margin_top":"","patiotime_single_page_custom_page_title_tablet_margin_top":"","patiotime_single_page_custom_page_title_mobile_margin_top":"","patiotime_single_page_hide_page_title":"","patiotime_single_page_header_section_size":"","patiotime_single_page_header_background_color":"","patiotime_single_page_header_background_position_x":"center","patiotime_single_page_header_background_position_y":"center","patiotime_single_page_header_background_size":"cover","patiotime_single_page_header_background_repeat":"off","patiotime_single_page_header_background_scroll":"on","patiotime_single_page_header_text_color":"","patiotime_single_page_header_show_breadcrumb":"","patiotime_single_page_site_footer_hide_main":"","patiotime_single_custom_site_footer_main_source":"","patiotime_single_custom_site_footer_main":"0","patiotime_single_page_site_footer_hide_above":"","patiotime_single_custom_site_footer_above_source":"","patiotime_single_custom_site_footer_above":"0","patiotime_single_page_site_footer_hide_instagram":"","patiotime_single_page_site_footer_hide_bottom":"","patiotime_single_custom_mobile_menu_source":"","patiotime_single_custom_mobile_menu":"0","patiotime_single_custom_mobile_menu_animation":"","patiotime_single_custom_mobile_menu_width":"","patiotime_single_custom_mobile_menu_custom_width":375,"footnotes":""},"class_list":["post-6979","page","type-page","status-publish","hentry"],"_links":{"self":[{"href":"https:\/\/sixtyfour.lu\/en\/wp-json\/wp\/v2\/pages\/6979","targetHints":{"allow":["GET"]}}],"collection":[{"href":"https:\/\/sixtyfour.lu\/en\/wp-json\/wp\/v2\/pages"}],"about":[{"href":"https:\/\/sixtyfour.lu\/en\/wp-json\/wp\/v2\/types\/page"}],"author":[{"embeddable":true,"href":"https:\/\/sixtyfour.lu\/en\/wp-json\/wp\/v2\/users\/1"}],"replies":[{"embeddable":true,"href":"https:\/\/sixtyfour.lu\/en\/wp-json\/wp\/v2\/comments?post=6979"}],"version-history":[{"count":8,"href":"https:\/\/sixtyfour.lu\/en\/wp-json\/wp\/v2\/pages\/6979\/revisions"}],"predecessor-version":[{"id":7140,"href":"https:\/\/sixtyfour.lu\/en\/wp-json\/wp\/v2\/pages\/6979\/revisions\/7140"}],"wp:attachment":[{"href":"https:\/\/sixtyfour.lu\/en\/wp-json\/wp\/v2\/media?parent=6979"}],"curies":[{"name":"wp","href":"https:\/\/api.w.org\/{rel}","templated":true}]}}